{"id":1825,"date":"2021-03-17T10:40:58","date_gmt":"2021-03-17T09:40:58","guid":{"rendered":"https:\/\/projekte2.hs-magdeburg.de\/praxisreflektiert\/?page_id=1825"},"modified":"2021-03-17T10:40:58","modified_gmt":"2021-03-17T09:40:58","slug":"auf-die-schnelle-kommentarfunktion","status":"publish","type":"page","link":"https:\/\/projekte2.hs-magdeburg.de\/praxisreflektiert\/uber\/auf-die-schnelle-kommentarfunktion\/","title":{"rendered":"Auf die Schnelle: Kommentarfunktion"},"content":{"rendered":"\n<p>Manchmal soll es schnell gehen. Dies gilt vor allem dann, wenn Sie aktuell in einer Situation sind, f\u00fcr die Sie rasche kollegiale Unterst\u00fctzung ben\u00f6tigen. Daf\u00fcr gibt es im Online-Forum die M\u00f6glichkeit, im Blog eine eingestellte Situation kurz \u2013 und grunds\u00e4tzlich wertsch\u00e4tzend \u2013 zu kommentieren. Wenn beidseitig gew\u00fcnscht, l\u00e4sst sich \u00fcber die Redaktion ein rascher kollegialer Kontakt herstellen, der auch au\u00dferhalb des Online-Forums fortgesetzt werden kann. Dazu schreiben Sie Ihren Kommentar an die unten angegebene Stelle. Die Redaktion wird den Kommentar vor allem im Hinblick auf kollegialen Kommunikationsstil hin pr\u00fcfen und bei positiver Pr\u00fcfung innerhalb von 24 Stunden freigeben.<\/p>\n","protected":false},"excerpt":{"rendered":"<p>Manchmal soll es schnell gehen. Dies gilt vor allem dann, wenn Sie aktuell in einer Situation sind, f\u00fcr die Sie rasche kollegiale Unterst\u00fctzung ben\u00f6tigen. Daf\u00fcr<\/p>\n","protected":false},"author":5,"featured_media":0,"parent":51,"menu_order":1,"comment_status":"closed","ping_status":"closed","template":"","meta":{"footnotes":""},"class_list":["post-1825","page","type-page","status-publish","hentry"],"_links":{"self":[{"href":"https:\/\/projekte2.hs-magdeburg.de\/praxisreflektiert\/wp-json\/wp\/v2\/pages\/1825"}],"collection":[{"href":"https:\/\/projekte2.hs-magdeburg.de\/praxisreflektiert\/wp-json\/wp\/v2\/pages"}],"about":[{"href":"https:\/\/projekte2.hs-magdeburg.de\/praxisreflektiert\/wp-json\/wp\/v2\/types\/page"}],"author":[{"embeddable":true,"href":"https:\/\/projekte2.hs-magdeburg.de\/praxisreflektiert\/wp-json\/wp\/v2\/users\/5"}],"replies":[{"embeddable":true,"href":"https:\/\/projekte2.hs-magdeburg.de\/praxisreflektiert\/wp-json\/wp\/v2\/comments?post=1825"}],"version-history":[{"count":1,"href":"https:\/\/projekte2.hs-magdeburg.de\/praxisreflektiert\/wp-json\/wp\/v2\/pages\/1825\/revisions"}],"predecessor-version":[{"id":1829,"href":"https:\/\/projekte2.hs-magdeburg.de\/praxisreflektiert\/wp-json\/wp\/v2\/pages\/1825\/revisions\/1829"}],"up":[{"embeddable":true,"href":"https:\/\/projekte2.hs-magdeburg.de\/praxisreflektiert\/wp-json\/wp\/v2\/pages\/51"}],"wp:attachment":[{"href":"https:\/\/projekte2.hs-magdeburg.de\/praxisreflektiert\/wp-json\/wp\/v2\/media?parent=1825"}],"curies":[{"name":"wp","href":"https:\/\/api.w.org\/{rel}","templated":true}]}}