{"id":2268,"date":"2021-03-23T18:30:46","date_gmt":"2021-03-23T17:30:46","guid":{"rendered":"https:\/\/projekte2.hs-magdeburg.de\/praxisreflektiert\/?page_id=2268"},"modified":"2021-03-23T18:35:48","modified_gmt":"2021-03-23T17:35:48","slug":"lehrpersonal-an-fach-und-hochschulen","status":"publish","type":"page","link":"https:\/\/projekte2.hs-magdeburg.de\/praxisreflektiert\/uber\/lehrpersonal-an-fach-und-hochschulen\/","title":{"rendered":"Lehrpersonal an Fach- und Hochschulen"},"content":{"rendered":"\n<p>F\u00fcr Sie als Lehrperson an Fach- oder Hochschule werden im Online-Forum zum einen&nbsp;<a href=\"https:\/\/projekte2.hs-magdeburg.de\/praxisreflektiert\/uber\/bedeutsame-situationen\/\">bedeutsame Praxissituationen<\/a>&nbsp;f\u00fcr die Lehre in Ausbildung und Studium bereitgestellt. So k\u00f6nnen Sie diese, etwa zur Vor- und Nachbereitung von Praktika, gemeinsam mit Sch\u00fcler*innen und Student*innen interpretieren und analysieren.<\/p>\n\n\n\n<p>An der Fachschule lehren Sie seit der Einf\u00fchrung neuer Rahmenlehrpl\u00e4ne&nbsp; in Lernfeldern, die vor allem durch Lernsituationen strukturiert werden sollen. Daf\u00fcr finden Sie im Online-Forum entsprechende Praxisbeispiele, die Sie als Grundlage f\u00fcr die didaktische Gestaltung von Lernsituationen nutzen k\u00f6nnen.<\/p>\n\n\n\n<p>An Hochschulen k\u00f6nnen Situationen, das Einverst\u00e4ndnis der jeweiligen Autor*innen vorausgesetzt, auch zum eigenen Gegenstand der qualitativen bzw. rekonstruktiven Forschung werden, bzw. k\u00f6nnen bereits entsprechend beforschte Situationen in das Forum eingereicht werden.<\/p>\n\n\n\n<p>Mit dem &nbsp;Einbezug &nbsp;von bedeutsamen&nbsp;<a href=\"https:\/\/projekte2.hs-magdeburg.de\/praxisreflektiert\/uber\/bedeutsame-situationen\/\">Praxissituationen<\/a>&nbsp;in die Lehre k\u00f6nnen Sie Student*innen bei der Weiterentwicklung von Reflexions- und Handlungskompetenzen unterst\u00fctzen. Sie leisten damit einen Beitrag zum Theorie-Praxis-Transfer und zur Professionalisierung&nbsp; der Arbeit mit Kindern, Jugendlichen, Familien, Kolleg*innen und anderen sozialen Akteure*innen.<\/p>\n\n\n\n<p>Zum anderen k\u00f6nnen Sie auch selbst Situationen einstellen, die f\u00fcr Sie in der eigenen Lehrpraxis bedeutsam geworden sind. So mag es einerseits hilfreich sein, eine als problematisch erlebte Situation aus anderen Perspektiven wahrzunehmen, um zu neuen Deutungs- und Handlungsm\u00f6glichkeiten zu kommen. Andererseits k\u00f6nnen Sie auch Situationen teilen, die Sie selbst als gute (Lehr-)Praxis erlebt bzw. selbst gestaltet haben, um anderen kollegial zu erm\u00f6glichen, deren Zustandekommen nachvollziehen zu k\u00f6nnen.<\/p>\n","protected":false},"excerpt":{"rendered":"<p>F\u00fcr Sie als Lehrperson an Fach- oder Hochschule werden im Online-Forum zum einen&nbsp;bedeutsame Praxissituationen&nbsp;f\u00fcr die Lehre in Ausbildung und Studium bereitgestellt. So k\u00f6nnen Sie diese,<\/p>\n","protected":false},"author":1,"featured_media":0,"parent":51,"menu_order":0,"comment_status":"closed","ping_status":"closed","template":"template-centered.php","meta":{"footnotes":""},"class_list":["post-2268","page","type-page","status-publish","hentry"],"_links":{"self":[{"href":"https:\/\/projekte2.hs-magdeburg.de\/praxisreflektiert\/wp-json\/wp\/v2\/pages\/2268"}],"collection":[{"href":"https:\/\/projekte2.hs-magdeburg.de\/praxisreflektiert\/wp-json\/wp\/v2\/pages"}],"about":[{"href":"https:\/\/projekte2.hs-magdeburg.de\/praxisreflektiert\/wp-json\/wp\/v2\/types\/page"}],"author":[{"embeddable":true,"href":"https:\/\/projekte2.hs-magdeburg.de\/praxisreflektiert\/wp-json\/wp\/v2\/users\/1"}],"replies":[{"embeddable":true,"href":"https:\/\/projekte2.hs-magdeburg.de\/praxisreflektiert\/wp-json\/wp\/v2\/comments?post=2268"}],"version-history":[{"count":1,"href":"https:\/\/projekte2.hs-magdeburg.de\/praxisreflektiert\/wp-json\/wp\/v2\/pages\/2268\/revisions"}],"predecessor-version":[{"id":2276,"href":"https:\/\/projekte2.hs-magdeburg.de\/praxisreflektiert\/wp-json\/wp\/v2\/pages\/2268\/revisions\/2276"}],"up":[{"embeddable":true,"href":"https:\/\/projekte2.hs-magdeburg.de\/praxisreflektiert\/wp-json\/wp\/v2\/pages\/51"}],"wp:attachment":[{"href":"https:\/\/projekte2.hs-magdeburg.de\/praxisreflektiert\/wp-json\/wp\/v2\/media?parent=2268"}],"curies":[{"name":"wp","href":"https:\/\/api.w.org\/{rel}","templated":true}]}}