{"id":233,"date":"2019-04-25T14:31:34","date_gmt":"2019-04-25T12:31:34","guid":{"rendered":"https:\/\/fallarchiv.twinriverco.de\/?page_id=233"},"modified":"2024-02-26T11:27:00","modified_gmt":"2024-02-26T10:27:00","slug":"ziele-und-inhalte","status":"publish","type":"page","link":"https:\/\/projekte2.hs-magdeburg.de\/praxisreflektiert\/uber\/ziele-und-inhalte\/","title":{"rendered":"Ziele und Inhalte"},"content":{"rendered":"\n<p>Das Online-Forum ist ein Forum f\u00fcr <a href=\"https:\/\/projekte2.hs-magdeburg.de\/praxisreflektiert\/uber\/praxis-und-handlungsforschung\/\" target=\"_blank\" rel=\"noreferrer noopener\">Praxis- und Handlungsforschung<\/a> zur weiteren Professionalisierung der beruflichen Arbeit mit Kindern. Ausgangspunkt f\u00fcr die Reflexion sind Situationen, die in der beruflichen Praxis als subjektiv bedeutsam erlebt und erfahren wurden. Als Text oder als Bild festgehalten werden diese Situationen zum Mittel des besseren Verstehens dieser Praxis.<\/p>\n\n\n\n<p>Ziele sind:<\/p>\n\n\n\n<ul class=\"wp-block-list\">\n<li>die fachliche Diskussion erfahrener<strong> <\/strong><a href=\"https:\/\/projekte2.hs-magdeburg.de\/praxisreflektiert\/uber\/bedeutsame-situationen\/\" target=\"_blank\" rel=\"noreferrer noopener\">Situationen <\/a>und ihre methodisch geleitete <a href=\"https:\/\/projekte2.hs-magdeburg.de\/praxisreflektiert\/uber\/reflexionen-bedeutsamer-situationen\/\" target=\"_blank\" rel=\"noreferrer noopener\">Reflexion<\/a> erm\u00f6glichen <\/li>\n\n\n\n<li>das Deutungs- und Handlungsspektrum praktisch T\u00e4tiger erweitern<\/li>\n\n\n\n<li>die eigenen beruflichen Selbstverst\u00e4ndnisse reflektieren und st\u00e4rken<\/li>\n\n\n\n<li>verallgemeinerbare Erkenntnisse f\u00fcr \u00e4hnliche F\u00e4lle erlangen (<a href=\"https:\/\/projekte2.hs-magdeburg.de\/praxisreflektiert\/uber\/verwendete-literatur\/\" target=\"_blank\" rel=\"noreferrer noopener\">Prengel\/Heinze\/Carle, 2008, S. 182<\/a>)<\/li>\n\n\n\n<li>das Nachdenken dar\u00fcber anregen, was aus kindheitswissenschaftlicher bzw. kindheitsp\u00e4dagogischer Sicht begr\u00fcndet als ver\u00e4nderungsbed\u00fcrftig erscheint und wie sich die Praxis weiter gestalten l\u00e4sst <\/li>\n\n\n\n<li>Erfahrungssituationen und deren Reflexionen f\u00fcr Studium, Aus- und Fortbildungen bereitstellen, z.B. f\u00fcr Unterrichtsstunden, Seminare, \u00dcbungen oder Praxisbegleitungen <\/li>\n\n\n\n<li>inhaltliche Vernetzung und Kooperation inner- und au\u00dferhalb der Hochschule<\/li>\n<\/ul>\n\n\n\n<p>Insofern ist das Online-Forum ein Mittel, um (k\u00fcnftige) Fach- und Lehrkr\u00e4fte in Ausbildung, Studium und Lehre sowie Fort- und Weiterbildung zu unterst\u00fctzen und zu qualifizieren.&nbsp;<\/p>\n\n\n\n<p>Das Online-Forum \u201ePraxis reflektiert\u201c orientiert damit auf einen Theorie-Praxis-Transfer, eine bessere Ausbildungsqualit\u00e4t und m\u00f6gliche Ver\u00e4nderungen in kindheitswissenschaftlichen und kindheitsp\u00e4dagogischen Arbeitsfeldern.<\/p>\n","protected":false},"excerpt":{"rendered":"<p>Das Online-Forum ist ein Forum f\u00fcr Praxis- und Handlungsforschung zur weiteren Professionalisierung der beruflichen Arbeit mit Kindern. Ausgangspunkt f\u00fcr die Reflexion sind Situationen, die in<\/p>\n","protected":false},"author":1,"featured_media":0,"parent":51,"menu_order":0,"comment_status":"closed","ping_status":"closed","template":"template-centered.php","meta":{"footnotes":""},"class_list":["post-233","page","type-page","status-publish","hentry"],"_links":{"self":[{"href":"https:\/\/projekte2.hs-magdeburg.de\/praxisreflektiert\/wp-json\/wp\/v2\/pages\/233"}],"collection":[{"href":"https:\/\/projekte2.hs-magdeburg.de\/praxisreflektiert\/wp-json\/wp\/v2\/pages"}],"about":[{"href":"https:\/\/projekte2.hs-magdeburg.de\/praxisreflektiert\/wp-json\/wp\/v2\/types\/page"}],"author":[{"embeddable":true,"href":"https:\/\/projekte2.hs-magdeburg.de\/praxisreflektiert\/wp-json\/wp\/v2\/users\/1"}],"replies":[{"embeddable":true,"href":"https:\/\/projekte2.hs-magdeburg.de\/praxisreflektiert\/wp-json\/wp\/v2\/comments?post=233"}],"version-history":[{"count":10,"href":"https:\/\/projekte2.hs-magdeburg.de\/praxisreflektiert\/wp-json\/wp\/v2\/pages\/233\/revisions"}],"predecessor-version":[{"id":3041,"href":"https:\/\/projekte2.hs-magdeburg.de\/praxisreflektiert\/wp-json\/wp\/v2\/pages\/233\/revisions\/3041"}],"up":[{"embeddable":true,"href":"https:\/\/projekte2.hs-magdeburg.de\/praxisreflektiert\/wp-json\/wp\/v2\/pages\/51"}],"wp:attachment":[{"href":"https:\/\/projekte2.hs-magdeburg.de\/praxisreflektiert\/wp-json\/wp\/v2\/media?parent=233"}],"curies":[{"name":"wp","href":"https:\/\/api.w.org\/{rel}","templated":true}]}}