{"id":240,"date":"2019-04-25T14:34:02","date_gmt":"2019-04-25T12:34:02","guid":{"rendered":"https:\/\/fallarchiv.twinriverco.de\/?page_id=240"},"modified":"2021-03-23T14:21:16","modified_gmt":"2021-03-23T13:21:16","slug":"bedeutsame-situationen","status":"publish","type":"page","link":"https:\/\/projekte2.hs-magdeburg.de\/praxisreflektiert\/uber\/bedeutsame-situationen\/","title":{"rendered":"Praxissituationen"},"content":{"rendered":"\n<p><\/p>\n\n\n\n<p>Mit bedeutsamen Situationen sind im Online-Forum eigene Erfahrungssituationen gemeint. Dies k\u00f6nnen Situationen aus der Praxis sein (von in der Praxis t\u00e4tigen Fachkr\u00e4ften; Praktikantinnen, Auszubildenden, Lehrpersonen etc.). F\u00fcr das Forum sollten solche Situationen ausgew\u00e4hlt werden, die f\u00fcr Sie in Ihrer jeweiligen Praxis wichtig geworden sind:\u00a0 Situationen, die Sie als irritierend, herausfordernd oder auch besonders positiv erlebt haben und die daher eine besondere Bedeutung f\u00fcr Sie haben.Eine Situation ist ein komplexes Handlungsgeschehen mit mehreren Beteiligten, das von mindestens einer Person als ein Zusammenhang wahrgenommen wird. Bedeutsam werden Situationen durch das entsprechende Erleben der Beteiligten (<a rel=\"noreferrer noopener\" href=\"https:\/\/projekte2.hs-magdeburg.de\/praxisreflektiert\/uber\/verwendete-literatur\/\" target=\"_blank\">Schulz-Schaeffer, 2018, S. 406<\/a>).Ob etwas als bedeutsam erscheint, h\u00e4ngt also zuallererst von der eigenen Wahrnehmung ab: Sie als Autor*in stellen diesen Zusammenhang her, indem Sie dar\u00fcber schreiben oder ihn verbildlichen.<\/p>\n\n\n\n<p>Das genaue Beschreiben oder Verbildlichen (etwa durch Fotos, Zeichnungen, Skizzen . . .) der erlebten Situationen dient dabei sowohl der eigenen Reflexion als auch als Diskussionsgrundlage f\u00fcr andere. M\u00f6glicherweise hat eine andere Person schon \u00e4hnliche oder auch andere Erfahrungen zu jenem Thema gemacht, die Sie in Ihrer Arbeit gerade besch\u00e4ftigt und kann diese so mit Ihnen teilen. Dass auch Bilder als Ausdruck einer erlebten Situation in das Online-Forum aufgenommen werden, beruht auf der Annahme, dass menschliches Denken nicht nur sprachbezogen, sondern auch ein \u201eDenken in Bildern\u201c (vgl. <a href=\"https:\/\/projekte2.hs-magdeburg.de\/praxisreflektiert\/uber\/verwendete-literatur\/\" target=\"_blank\" rel=\"noreferrer noopener\">z.B. Bohnsack 2009; Lutz-Sterzenbach\/Kirschenmann 2014<\/a>) ist.<\/p>\n\n\n\n<p>Mit bedeutsamen Situationen sind im Online-Forum Erfahrungssituationen von praktisch T\u00e4tigen gemeint, die f\u00fcr diese selbst wichtig sind und die diese als eine besondere Konstellation bzw. einen Zusammenhang vor dem Hintergrund eines Arbeitsalltags hervorheben. Eine Situation l\u00e4sst sich als soziale Konstellation beschreiben, in  denen es mehrere Beteiligte gibt und die (von mindestens einer  Beteiligten) als ein Zusammenhang wahrgenommen wird. Bedeutsam werden die Situationen durch das subjektive Wahrnehmen beteiligter Akteur*innen als solche (<a href=\"https:\/\/projekte2.hs-magdeburg.de\/praxisreflektiert\/uber\/verwendete-literatur\/\" target=\"_blank\" rel=\"noreferrer noopener\">Schulz-Schaeffer, 2018, S. 406<\/a>). <\/p>\n\n\n\n<p>Solche Erfahrungssituationen er\u00f6ffnen vielf\u00e4ltige M\u00f6glichkeiten der Reflexion: Diskutiert werden k\u00f6nnen an ihnen z.B. Handlungsorientierungen und Denkmuster, soziale Rollenbeziehungen, Rollenkonflikte und Dilemmata, Rahmenbedingungen praktischen Handelns in Organisationen, Bildungs-, Erziehungs- und Betreuungskonzepte, Vorstellungen von Kindern, Kindheit und Gesellschaft, und nicht zuletzt gesellschaftliche Machtverh\u00e4ltnisse. Aus Situationen, die zun\u00e4chst vor allem pers\u00f6nlich bedeutsam erscheinen, lassen sich dabei, je nach methodischem Zugang, auch Typiken herausarbeiten, die verallgemeinerbare Erkenntnisse erm\u00f6glichen.<\/p>\n\n\n\n<p>Somit kann eine\nals pers\u00f6nlich bedeutsam erlebte Situation auch f\u00fcr andere und deren Erkenntnisgewinn\nrelevant werden und das (gemeinsame) Nachdenken \u00fcber kindheitsp\u00e4dagogische und\nkindheitswissenschaftliche kindheits- und jugendrelevante Praxen anregen und\nf\u00f6rdern.<\/p>\n","protected":false},"excerpt":{"rendered":"<p>Mit bedeutsamen Situationen sind im Online-Forum eigene Erfahrungssituationen gemeint. Dies k\u00f6nnen Situationen aus der Praxis sein (von in der Praxis t\u00e4tigen Fachkr\u00e4ften; Praktikantinnen, Auszubildenden, Lehrpersonen<\/p>\n","protected":false},"author":5,"featured_media":0,"parent":51,"menu_order":0,"comment_status":"closed","ping_status":"closed","template":"template-centered.php","meta":{"footnotes":""},"class_list":["post-240","page","type-page","status-publish","hentry"],"_links":{"self":[{"href":"https:\/\/projekte2.hs-magdeburg.de\/praxisreflektiert\/wp-json\/wp\/v2\/pages\/240"}],"collection":[{"href":"https:\/\/projekte2.hs-magdeburg.de\/praxisreflektiert\/wp-json\/wp\/v2\/pages"}],"about":[{"href":"https:\/\/projekte2.hs-magdeburg.de\/praxisreflektiert\/wp-json\/wp\/v2\/types\/page"}],"author":[{"embeddable":true,"href":"https:\/\/projekte2.hs-magdeburg.de\/praxisreflektiert\/wp-json\/wp\/v2\/users\/5"}],"replies":[{"embeddable":true,"href":"https:\/\/projekte2.hs-magdeburg.de\/praxisreflektiert\/wp-json\/wp\/v2\/comments?post=240"}],"version-history":[{"count":5,"href":"https:\/\/projekte2.hs-magdeburg.de\/praxisreflektiert\/wp-json\/wp\/v2\/pages\/240\/revisions"}],"predecessor-version":[{"id":2085,"href":"https:\/\/projekte2.hs-magdeburg.de\/praxisreflektiert\/wp-json\/wp\/v2\/pages\/240\/revisions\/2085"}],"up":[{"embeddable":true,"href":"https:\/\/projekte2.hs-magdeburg.de\/praxisreflektiert\/wp-json\/wp\/v2\/pages\/51"}],"wp:attachment":[{"href":"https:\/\/projekte2.hs-magdeburg.de\/praxisreflektiert\/wp-json\/wp\/v2\/media?parent=240"}],"curies":[{"name":"wp","href":"https:\/\/api.w.org\/{rel}","templated":true}]}}