{"id":301,"date":"2019-05-16T09:52:10","date_gmt":"2019-05-16T07:52:10","guid":{"rendered":"https:\/\/fallarchiv.twinriverco.de\/?page_id=301"},"modified":"2024-11-07T21:02:15","modified_gmt":"2024-11-07T20:02:15","slug":"startseite","status":"publish","type":"page","link":"https:\/\/projekte2.hs-magdeburg.de\/praxisreflektiert\/","title":{"rendered":"Startseite"},"content":{"rendered":"\n<div class=\"wp-block-cover is-light aligncenter\"><span aria-hidden=\"true\" class=\"wp-block-cover__background has-white-background-color has-background-dim-60 has-background-dim\"><\/span><img loading=\"lazy\" decoding=\"async\" width=\"5184\" height=\"3456\" class=\"wp-block-cover__image-background wp-image-739\" alt=\"\" src=\"https:\/\/projekte2.hs-magdeburg.de\/praxisreflektiert\/wp-content\/uploads\/2019\/09\/Seifenblasen-t\u00fcrkis-III.jpg\" style=\"object-position:65% 8%\" data-object-fit=\"cover\" data-object-position=\"65% 8%\" srcset=\"https:\/\/projekte2.hs-magdeburg.de\/praxisreflektiert\/wp-content\/uploads\/2019\/09\/Seifenblasen-t\u00fcrkis-III.jpg 5184w, https:\/\/projekte2.hs-magdeburg.de\/praxisreflektiert\/wp-content\/uploads\/2019\/09\/Seifenblasen-t\u00fcrkis-III-300x200.jpg 300w, https:\/\/projekte2.hs-magdeburg.de\/praxisreflektiert\/wp-content\/uploads\/2019\/09\/Seifenblasen-t\u00fcrkis-III-768x512.jpg 768w, https:\/\/projekte2.hs-magdeburg.de\/praxisreflektiert\/wp-content\/uploads\/2019\/09\/Seifenblasen-t\u00fcrkis-III-1024x683.jpg 1024w\" sizes=\"(max-width: 5184px) 100vw, 5184px\" \/><div class=\"wp-block-cover__inner-container is-layout-flow wp-block-cover-is-layout-flow\">\n<p class=\"has-text-align-left mycovertext has-secondary-color has-text-color has-medium-font-size\"><br>Willkommen im Online-Forum der <a href=\"https:\/\/www.hs-magdeburg.de\/studium\/bachelor\/angewandte-kindheitswissenschaften.html?sword_list[]=angewandte&amp;sword_list[]=kindheitswissenschaften&amp;no_cache=1\" target=\"_blank\" rel=\"noreferrer noopener\"><strong>kindheitswissenschaftlichen<\/strong><\/a> und <strong><a href=\"https:\/\/www.hs-magdeburg.de\/studium\/bachelor\/kindheitspaedagogik-praxis-leitung-forschung.html?sword_list[]=kindheitsp%C3%A4dagogik&amp;no_cache=1\" target=\"_blank\" rel=\"noreferrer noopener\">kindheitsp\u00e4dagogischen<\/a><\/strong> Studieng\u00e4nge an der Hochschule Magdeburg-Stendal!<br><\/p>\n\n\n\n<p class=\"has-text-align-left mycovertext has-secondary-color has-text-color has-medium-font-size\">Als ein Forum f\u00fcr<a rel=\"noreferrer noopener\" href=\"https:\/\/projekte2.hs-magdeburg.de\/praxisreflektiert\/uber\/praxis-und-handlungsforschung\/\" target=\"_blank\"><strong> Praxis- und Handlungsforschung<\/strong><\/a> erm\u00f6glicht es fachlich-kollegiale Diskussionen \u00fcber <strong><a href=\"https:\/\/projekte2.hs-magdeburg.de\/praxisreflektiert\/uber\/bedeutsame-situationen\/\" target=\"_blank\" rel=\"noreferrer noopener\">Praxissituationen<\/a><\/strong>, die in der t\u00e4glichen Arbeit besonders bedeutsam f\u00fcr das eigene Handeln geworden sind. <\/p>\n\n\n\n<p class=\"has-text-align-left mycovertext has-secondary-color has-text-color has-medium-font-size\"><a href=\"https:\/\/projekte2.hs-magdeburg.de\/praxisreflektiert\/uber\/ziele-und-inhalte\/\" target=\"_blank\" rel=\"noreferrer noopener\"><strong>Ziel<\/strong><\/a> ist es, damit das Nachdenken \u00fcber das eigene berufliche Selbstverst\u00e4ndnis sowie \u00fcber verschiedene Deutungs- und Handlungsm\u00f6glichkeiten in der Praxis anzuregen und die kollegiale Vernetzung zu f\u00f6rdern. Das Online-Forum soll damit zur weiteren Professionalisierung der beruflichen Arbeit mit Kindern beitragen. Dazu eingeladen sind verschiedene <a href=\"Adressat:innen.https:\/\/projekte2.hs-magdeburg.de\/praxisreflektiert\/uber\/fachschuelerinnen-und-studierende\/\"><strong>Adressat:innen<\/strong>.<\/a><\/p>\n<\/div><\/div>\n","protected":false},"excerpt":{"rendered":"","protected":false},"author":1,"featured_media":0,"parent":0,"menu_order":0,"comment_status":"closed","ping_status":"closed","template":"index.php","meta":{"footnotes":""},"class_list":["post-301","page","type-page","status-publish","hentry"],"_links":{"self":[{"href":"https:\/\/projekte2.hs-magdeburg.de\/praxisreflektiert\/wp-json\/wp\/v2\/pages\/301"}],"collection":[{"href":"https:\/\/projekte2.hs-magdeburg.de\/praxisreflektiert\/wp-json\/wp\/v2\/pages"}],"about":[{"href":"https:\/\/projekte2.hs-magdeburg.de\/praxisreflektiert\/wp-json\/wp\/v2\/types\/page"}],"author":[{"embeddable":true,"href":"https:\/\/projekte2.hs-magdeburg.de\/praxisreflektiert\/wp-json\/wp\/v2\/users\/1"}],"replies":[{"embeddable":true,"href":"https:\/\/projekte2.hs-magdeburg.de\/praxisreflektiert\/wp-json\/wp\/v2\/comments?post=301"}],"version-history":[{"count":10,"href":"https:\/\/projekte2.hs-magdeburg.de\/praxisreflektiert\/wp-json\/wp\/v2\/pages\/301\/revisions"}],"predecessor-version":[{"id":3025,"href":"https:\/\/projekte2.hs-magdeburg.de\/praxisreflektiert\/wp-json\/wp\/v2\/pages\/301\/revisions\/3025"}],"wp:attachment":[{"href":"https:\/\/projekte2.hs-magdeburg.de\/praxisreflektiert\/wp-json\/wp\/v2\/media?parent=301"}],"curies":[{"name":"wp","href":"https:\/\/api.w.org\/{rel}","templated":true}]}}