{"id":327,"date":"2019-05-16T11:07:30","date_gmt":"2019-05-16T09:07:30","guid":{"rendered":"https:\/\/fallarchiv.twinriverco.de\/?page_id=327"},"modified":"2021-03-23T15:04:35","modified_gmt":"2021-03-23T14:04:35","slug":"anonymisierung","status":"publish","type":"page","link":"https:\/\/projekte2.hs-magdeburg.de\/praxisreflektiert\/uber\/anonymisierung\/","title":{"rendered":"Anonymisierung"},"content":{"rendered":"\n<p><\/p>\n\n\n\n<p>\nBei der Ver\u00f6ffentlichung der Situationen ist es aus\nDatenschutzgr\u00fcnden von h\u00f6chster Bedeutung folgende\nAnonymisierungsregeln einzuhalten:<\/p>\n\n\n\n<p>Alle Namen von lebenden Personen sowie von konkreten Einrichtungen werden nach einheitlichen Regeln anonymisiert. So wird gew\u00e4hrleistet, dass sie Personen und Einrichtungen nicht wiedererkennbar sind:  <\/p>\n\n\n\n<ul class=\"wp-block-list\"><li>In den schriftlichen Feldprotokollen werden die Namen (von Personen, Orten, Einrichtungen) ge\u00e4ndert und durch andere Namen ersetzt.<\/li><li>in Dokumenten wird eine Schw\u00e4rzung der Namen vorgenommen. <\/li><li>Die Ver\u00f6ffentlichung von Bildern unterliegt weiteren Beschr\u00e4nkungen: <ul><li>Im Falle von Personenabbildungen auf Fotos muss grunds\u00e4tzlich das schriftliche Einverst\u00e4ndnis der abgebildeten Personen daf\u00fcr vorliegen.<\/li><li>Zus\u00e4tzlich kann es notwendig werden zu gew\u00e4hrleisten, dass die abgebildeten Personen nicht wiedererkennbar sind bez\u00fcglich personengebundener Daten, eindeutiger Attribute oder sch\u00e4digender Aussagen.&nbsp;&nbsp;&nbsp;&nbsp;&nbsp;&nbsp;&nbsp;&nbsp;&nbsp;&nbsp;&nbsp;&nbsp;&nbsp;&nbsp;&nbsp;&nbsp;&nbsp;&nbsp;&nbsp;&nbsp;&nbsp;&nbsp;&nbsp;&nbsp;&nbsp;&nbsp;&nbsp;&nbsp;&nbsp;&nbsp;&nbsp;&nbsp;&nbsp;&nbsp;&nbsp;&nbsp;&nbsp;&nbsp;&nbsp;&nbsp;&nbsp;&nbsp;&nbsp;&nbsp;&nbsp;&nbsp;&nbsp;&nbsp;&nbsp;&nbsp;&nbsp;&nbsp;&nbsp;&nbsp;&nbsp;&nbsp;&nbsp;&nbsp;&nbsp;&nbsp;&nbsp;  <\/li><li>Entsprechende Fragen werden vorher in Absprache mit der Redaktion gekl\u00e4rt. <\/li><\/ul><\/li><li>Vorgehensweise:<ul><li>Diese Angaben sollten ersetzt werden durch Merkmale mit vergleichbarem Informations- und Sinngehalt, welche jedoch keine R\u00fcckschl\u00fcsse auf die entsprechende Person erlauben. So kann zum Beispiel ein Vorname durch einen vergleichbaren Vornamen, wenn ausf\u00fchrbar mit der gleichen Anzahl an Silben und aus \u00e4hnlichem sozialen bzw. kulturellen Kontext, ausgetauscht werden. Weiterhin besteht die M\u00f6glichkeit der Verallgemeinerung von Aussagen durch Bildung von Klassen oder Kategorien. So kann zum Beispiel der konkrete Arbeitgeber oder Tr\u00e4ger durch die Angabe des Arbeitsfeldes ersetzt werden.<\/li><li>Sollten Daten eine einfache Identit\u00e4tsfeststellung trotz Anonymisierung erm\u00f6glichen, m\u00fcssen diese entfernt werden.&nbsp;<\/li><\/ul><\/li><\/ul>\n\n\n\n<p>Fragen oder Anmerkungen k\u00f6nnen Sie gerne in das<em> Kommentar<\/em>feld in der <a rel=\"noreferrer noopener\" href=\"https:\/\/projekte2.hs-magdeburg.de\/praxisreflektiert\/situation-einreichen\/\" target=\"_blank\">Maske<\/a> an die Redaktion schreiben. <\/p>\n","protected":false},"excerpt":{"rendered":"<p>Bei der Ver\u00f6ffentlichung der Situationen ist es aus Datenschutzgr\u00fcnden von h\u00f6chster Bedeutung folgende Anonymisierungsregeln einzuhalten: Alle Namen von lebenden Personen sowie von konkreten Einrichtungen werden<\/p>\n","protected":false},"author":1,"featured_media":0,"parent":51,"menu_order":0,"comment_status":"closed","ping_status":"closed","template":"template-centered.php","meta":{"footnotes":""},"class_list":["post-327","page","type-page","status-publish","hentry"],"_links":{"self":[{"href":"https:\/\/projekte2.hs-magdeburg.de\/praxisreflektiert\/wp-json\/wp\/v2\/pages\/327"}],"collection":[{"href":"https:\/\/projekte2.hs-magdeburg.de\/praxisreflektiert\/wp-json\/wp\/v2\/pages"}],"about":[{"href":"https:\/\/projekte2.hs-magdeburg.de\/praxisreflektiert\/wp-json\/wp\/v2\/types\/page"}],"author":[{"embeddable":true,"href":"https:\/\/projekte2.hs-magdeburg.de\/praxisreflektiert\/wp-json\/wp\/v2\/users\/1"}],"replies":[{"embeddable":true,"href":"https:\/\/projekte2.hs-magdeburg.de\/praxisreflektiert\/wp-json\/wp\/v2\/comments?post=327"}],"version-history":[{"count":5,"href":"https:\/\/projekte2.hs-magdeburg.de\/praxisreflektiert\/wp-json\/wp\/v2\/pages\/327\/revisions"}],"predecessor-version":[{"id":2145,"href":"https:\/\/projekte2.hs-magdeburg.de\/praxisreflektiert\/wp-json\/wp\/v2\/pages\/327\/revisions\/2145"}],"up":[{"embeddable":true,"href":"https:\/\/projekte2.hs-magdeburg.de\/praxisreflektiert\/wp-json\/wp\/v2\/pages\/51"}],"wp:attachment":[{"href":"https:\/\/projekte2.hs-magdeburg.de\/praxisreflektiert\/wp-json\/wp\/v2\/media?parent=327"}],"curies":[{"name":"wp","href":"https:\/\/api.w.org\/{rel}","templated":true}]}}